{"id":2,"date":"2015-03-25T17:27:53","date_gmt":"2015-03-25T16:27:53","guid":{"rendered":"http:\/\/54551166.swh.strato-hosting.eu\/?page_id=2"},"modified":"2020-08-26T13:19:18","modified_gmt":"2020-08-26T11:19:18","slug":"home","status":"publish","type":"page","link":"https:\/\/fliesen-nietzelt.de\/","title":{"rendered":"Home"},"content":{"rendered":"<h6><\/h6>\n<h1><strong>Herzlich Willkommen<\/strong><\/h1>\n<p>Als Fliesen-, Platten- und Mosaikleger stehen wir Ihnen f\u00fcr die Verlegung von Fliesen und Naturstein zur Verf\u00fcgung \u2013 egal ob in Bad, K\u00fcche, Wohnraum, Garage, gewerblichen R\u00e4umen oder Balkonsanierung.<\/p>\n<p>Auf den nachfolgenden Seiten k\u00f6nnen Sie sich \u00fcber unser Unternehmen und Leistungen informieren.<\/p>\n<p>Wir hoffen auch Sie schon bald zu unseren zufriedenen Kunden z\u00e4hlen zu d\u00fcrfen.<\/p>\n<p>Ob klassisch, rustikal oder ganz modern \u2013 wir verwirklichen Ihre Ideen.<\/p>\n<p><em><b>Fliesenfachbetrieb Nietzelt<\/b> <strong>seit 2011<\/strong><\/em><\/p>\n<hr \/>\n<h6><span style=\"color: #000000;\"><em><strong>DSGVO Information:<\/strong><\/em><br \/>\nAuf dieser Seite werden keine personenbezogenen Daten (wie z.B. Cookies) erhoben. Weitere Informationen finden Sie <a style=\"color: #000000;\" href=\"https:\/\/fliesen-nietzelt.de\/?page_id=556\">hier<\/a>.<\/span><\/h6>\n","protected":false},"excerpt":{"rendered":"<p>Herzlich Willkommen Als Fliesen-, Platten- und Mosaikleger stehen wir Ihnen f\u00fcr die Verlegung von Fliesen und Naturstein zur Verf\u00fcgung \u2013 egal ob in Bad, K\u00fcche, Wohnraum, Garage, gewerblichen R\u00e4umen oder Balkonsanierung. Auf den nachfolgenden Seiten k\u00f6nnen Sie sich \u00fcber unser &hellip; <a href=\"https:\/\/fliesen-nietzelt.de\/\">Weiterlesen <span class=\"meta-nav\">&rarr;<\/span><\/a><\/p>\n","protected":false},"author":1,"featured_media":0,"parent":0,"menu_order":0,"comment_status":"closed","ping_status":"closed","template":"sidebar-page.php","meta":{"footnotes":""},"class_list":["post-2","page","type-page","status-publish","hentry"],"_links":{"self":[{"href":"https:\/\/fliesen-nietzelt.de\/index.php?rest_route=\/wp\/v2\/pages\/2","targetHints":{"allow":["GET"]}}],"collection":[{"href":"https:\/\/fliesen-nietzelt.de\/index.php?rest_route=\/wp\/v2\/pages"}],"about":[{"href":"https:\/\/fliesen-nietzelt.de\/index.php?rest_route=\/wp\/v2\/types\/page"}],"author":[{"embeddable":true,"href":"https:\/\/fliesen-nietzelt.de\/index.php?rest_route=\/wp\/v2\/users\/1"}],"replies":[{"embeddable":true,"href":"https:\/\/fliesen-nietzelt.de\/index.php?rest_route=%2Fwp%2Fv2%2Fcomments&post=2"}],"version-history":[{"count":14,"href":"https:\/\/fliesen-nietzelt.de\/index.php?rest_route=\/wp\/v2\/pages\/2\/revisions"}],"predecessor-version":[{"id":585,"href":"https:\/\/fliesen-nietzelt.de\/index.php?rest_route=\/wp\/v2\/pages\/2\/revisions\/585"}],"wp:attachment":[{"href":"https:\/\/fliesen-nietzelt.de\/index.php?rest_route=%2Fwp%2Fv2%2Fmedia&parent=2"}],"curies":[{"name":"wp","href":"https:\/\/api.w.org\/{rel}","templated":true}]}}